{"id":32,"date":"2023-11-23T09:27:33","date_gmt":"2023-11-23T09:27:33","guid":{"rendered":"http:\/\/hexprojects.in\/ducator\/?post_type=product&#038;p=32"},"modified":"2023-11-23T09:29:18","modified_gmt":"2023-11-23T09:29:18","slug":"refurbished-iphone-se-2022","status":"publish","type":"product","link":"https:\/\/hexprojects.in\/ducator\/product\/refurbished-iphone-se-2022\/","title":{"rendered":"Refurbished iPhone SE 2022"},"content":{"rendered":"<h2>Refurbished iPhone SE 2022<\/h2>\n<p>Med iPhone 11 f\u00e5r du en smartphone fuld af styrke og den nyeste teknologi fra Apple.<\/p>\n<p>Apples iPhone 11 har et elegant og stilrent aluminiums- og glasdesign med afrundede hj\u00f8rner og er produceret i h\u00f8j slidstyrke med robust glas b\u00e5de foran og bag.<\/p>\n<p>iPhone 11 kommer i seks smukke farver; sort, gr\u00f8n, gul, lilla, hvid og r\u00f8d og produceres med 64, 128 og 256 GB hukommelse.<\/p>\n<p>P\u00e5 trods af sin lette v\u00e6gt p\u00e5 194 gram har iPhone 11 Apples hidtil bedste batteritid, hvor du p\u00e5 en fuld opladning kan streame op til 10 timers video eller afspille lyd i op til 65 timer.<\/p>\n<p>IPhone 11 har en 6,1\u201d Liquide Retina HD-sk\u00e6rm, der g\u00f8r det til en forn\u00f8jelse at se indhold p\u00e5 sk\u00e6rmen. Sk\u00e6rmen str\u00e6kker sig nemlig helt fra kant til kant og er udstyret med True Tone teknologi, for at give den bedste brugeroplevelse med n\u00f8jagtige og detaljerede farver.<\/p>\n<p>IPhone 11 har to 12 megapixel kameraer; et vidvinkel og et ultravinklet, hvilket g\u00f8r du kan tage gode billeder i alle situationer. Via True Depth-kameraet er der ansigtsgenkendelse, s\u00e5 du med dit ansigt kan l\u00e5se smartphonen op, betale i butikker, i apps eller online.<\/p>\n<p>For at give smartphonen ekstra styrke og \u00f8ge dens levetid tilk\u00f8b vores sk\u00e6rmbeskyttelse og\/eller et stilet cover.<\/p>\n<p>Medf\u00f8lger ikke med tilbeh\u00f8r.<\/p>\n<h2>Reklamationsret.<\/h2>\n<p>Ved at k\u00f8be en refurbished enhed hos Ducator ApS, f\u00e5r du 2 \u00e5rs reklamationsret p\u00e5 din enhed.<\/p>\n","protected":false},"excerpt":{"rendered":"<p>Refurbished iPhone SE 2022 Med iPhone 11 f\u00e5r du en smartphone fuld af styrke og den nyeste teknologi fra Apple. Apples iPhone 11 har et elegant og stilrent aluminiums- og glasdesign med afrundede hj\u00f8rner og er produceret i h\u00f8j slidstyrke med robust glas b\u00e5de foran og bag. iPhone 11 kommer i seks smukke farver; sort, [&hellip;]<\/p>\n","protected":false},"featured_media":33,"comment_status":"open","ping_status":"closed","template":"","meta":[],"product_cat":[24],"product_tag":[],"_links":{"self":[{"href":"https:\/\/hexprojects.in\/ducator\/wp-json\/wp\/v2\/product\/32"}],"collection":[{"href":"https:\/\/hexprojects.in\/ducator\/wp-json\/wp\/v2\/product"}],"about":[{"href":"https:\/\/hexprojects.in\/ducator\/wp-json\/wp\/v2\/types\/product"}],"replies":[{"embeddable":true,"href":"https:\/\/hexprojects.in\/ducator\/wp-json\/wp\/v2\/comments?post=32"}],"wp:featuredmedia":[{"embeddable":true,"href":"https:\/\/hexprojects.in\/ducator\/wp-json\/wp\/v2\/media\/33"}],"wp:attachment":[{"href":"https:\/\/hexprojects.in\/ducator\/wp-json\/wp\/v2\/media?parent=32"}],"wp:term":[{"taxonomy":"product_cat","embeddable":true,"href":"https:\/\/hexprojects.in\/ducator\/wp-json\/wp\/v2\/product_cat?post=32"},{"taxonomy":"product_tag","embeddable":true,"href":"https:\/\/hexprojects.in\/ducator\/wp-json\/wp\/v2\/product_tag?post=32"}],"curies":[{"name":"wp","href":"https:\/\/api.w.org\/{rel}","templated":true}]}}