{"id":24,"date":"2023-11-23T09:09:34","date_gmt":"2023-11-23T09:09:34","guid":{"rendered":"http:\/\/hexprojects.in\/ducator\/?post_type=product&#038;p=24"},"modified":"2023-11-23T09:11:27","modified_gmt":"2023-11-23T09:11:27","slug":"iphone-12-64-gb","status":"publish","type":"product","link":"https:\/\/hexprojects.in\/ducator\/product\/iphone-12-64-gb\/","title":{"rendered":"iPhone 12 64 GB"},"content":{"rendered":"<h2>Refurbished iPhone 12.<\/h2>\n<p>Med iPhone 12 f\u00e5r du en smartphone fuld af power uden at g\u00e5 p\u00e5 kompromis med kvalitet og design. IPhone 12 kommer i et flot design med stilrent h\u00f8jkvalitets glas og skarpe kanter. IPhone 12 laves i seks flotte farver; gr\u00f8n, lilla, bl\u00e5, hvid, sort og r\u00f8d og produceres med 64, 128 og 256 GB hukommelse.<\/p>\n<p>IPhone 12 har to nye revolutionerende kameraer, der g\u00f8r det muligt altid at tage fantastiske billeder.<\/p>\n<p>IPhone 12 har et dual kamera system best\u00e5ende af et ultra Wide kamera, der g\u00f8r det muligt at tage billeder og videoer uden for rammen, hvilket giver dig op til 4 gange mere plads.<\/p>\n<p>Smartphonens andet kamera \u2013 et 12 MP vidvinkel kamera \u2013 g\u00f8r det muligt at tage oplyste billeder, selv i m\u00f8rkere belysning, takket v\u00e6re den nye nattilstand. Kameraets portr\u00e6ttilstand med seks effekter og Depth Control skaber mere lyskontrol og g\u00f8r at du altid kan tage fantastiske billeder uanset belysning.<\/p>\n<p>IPhone 12 har en 6,1\u201d Retina XDR OLED sk\u00e6rm der str\u00e6kker sig fra kant til kant, og g\u00f8r du f\u00e5r mest mulig plads til visning af indhold, mens smartphonens dimensioner g\u00f8r, at den stadig kan betjenes med \u00e9n h\u00e5nd. Sk\u00e6rmen har en opl\u00f8sning p\u00e5 2532 X 1170 og med 460 pixel pr inch hvorfor iPhone 12 leverer et h\u00f8jt detaljeniveau, mens smartphonens True Tone teknologi sikrer klare og pr\u00e6cise farver.<\/p>\n<p>A14 Bionic chippen tilbyder 40% kraftfor\u00f8gelse uden at g\u00e5 p\u00e5 kompromis med batterilevetiden takket v\u00e6re 5 nm chip st\u00f8rrelsen. IPhone 12 har Face ID, hvilket altid g\u00f8r det nemt at tilg\u00e5 smartphonen<\/p>\n<p>IPhone 12 er kompatibel med IOS 15 og med fysisk Nano sim-kortl\u00e6ser og virtuel eSIM.<\/p>\n<p>For at give smartphonen ekstra styrke og \u00f8ge dens levetid tilk\u00f8b vores sk\u00e6rmbeskyttelse og\/eller et stilet cover.<\/p>\n<p>(Medf\u00f8lger ikke tilbeh\u00f8r)<\/p>\n","protected":false},"excerpt":{"rendered":"<p>Refurbished iPhone 12. Med iPhone 12 f\u00e5r du en smartphone fuld af power uden at g\u00e5 p\u00e5 kompromis med kvalitet og design. IPhone 12 kommer i et flot design med stilrent h\u00f8jkvalitets glas og skarpe kanter. IPhone 12 laves i seks flotte farver; gr\u00f8n, lilla, bl\u00e5, hvid, sort og r\u00f8d og produceres med 64, 128 [&hellip;]<\/p>\n","protected":false},"featured_media":25,"comment_status":"open","ping_status":"closed","template":"","meta":[],"product_cat":[24],"product_tag":[],"_links":{"self":[{"href":"https:\/\/hexprojects.in\/ducator\/wp-json\/wp\/v2\/product\/24"}],"collection":[{"href":"https:\/\/hexprojects.in\/ducator\/wp-json\/wp\/v2\/product"}],"about":[{"href":"https:\/\/hexprojects.in\/ducator\/wp-json\/wp\/v2\/types\/product"}],"replies":[{"embeddable":true,"href":"https:\/\/hexprojects.in\/ducator\/wp-json\/wp\/v2\/comments?post=24"}],"wp:featuredmedia":[{"embeddable":true,"href":"https:\/\/hexprojects.in\/ducator\/wp-json\/wp\/v2\/media\/25"}],"wp:attachment":[{"href":"https:\/\/hexprojects.in\/ducator\/wp-json\/wp\/v2\/media?parent=24"}],"wp:term":[{"taxonomy":"product_cat","embeddable":true,"href":"https:\/\/hexprojects.in\/ducator\/wp-json\/wp\/v2\/product_cat?post=24"},{"taxonomy":"product_tag","embeddable":true,"href":"https:\/\/hexprojects.in\/ducator\/wp-json\/wp\/v2\/product_tag?post=24"}],"curies":[{"name":"wp","href":"https:\/\/api.w.org\/{rel}","templated":true}]}}